{"id":125,"date":"2018-04-21T15:51:54","date_gmt":"2018-04-21T13:51:54","guid":{"rendered":"http:\/\/nejzapadnejsi.cz\/de\/?page_id=125"},"modified":"2018-08-15T14:06:05","modified_gmt":"2018-08-15T12:06:05","slug":"sportareal-hainberg-as","status":"publish","type":"page","link":"https:\/\/nejzapadnejsi.cz\/de\/interessantes-in-der-region\/sportareal-hainberg-as\/","title":{"rendered":"Sportareal Hainberg, A\u0161"},"content":{"rendered":"&lt;\u0111c","protected":false},"excerpt":{"rendered":"&lt;\u0111c","protected":false},"author":1,"featured_media":605,"parent":11,"menu_order":4,"comment_status":"closed","ping_status":"closed","template":"page-konkretni-misto.php","meta":[],"_links":{"self":[{"href":"https:\/\/nejzapadnejsi.cz\/de\/wp-json\/wp\/v2\/pages\/125"}],"collection":[{"href":"https:\/\/nejzapadnejsi.cz\/de\/wp-json\/wp\/v2\/pages"}],"about":[{"href":"https:\/\/nejzapadnejsi.cz\/de\/wp-json\/wp\/v2\/types\/page"}],"author":[{"embeddable":true,"href":"https:\/\/nejzapadnejsi.cz\/de\/wp-json\/wp\/v2\/users\/1"}],"replies":[{"embeddable":true,"href":"https:\/\/nejzapadnejsi.cz\/de\/wp-json\/wp\/v2\/comments?post=125"}],"version-history":[{"count":35,"href":"https:\/\/nejzapadnejsi.cz\/de\/wp-json\/wp\/v2\/pages\/125\/revisions"}],"predecessor-version":[{"id":821,"href":"https:\/\/nejzapadnejsi.cz\/de\/wp-json\/wp\/v2\/pages\/125\/revisions\/821"}],"up":[{"embeddable":true,"href":"https:\/\/nejzapadnejsi.cz\/de\/wp-json\/wp\/v2\/pages\/11"}],"wp:featuredmedia":[{"embeddable":true,"href":"https:\/\/nejzapadnejsi.cz\/de\/wp-json\/wp\/v2\/media\/605"}],"wp:attachment":[{"href":"https:\/\/nejzapadnejsi.cz\/de\/wp-json\/wp\/v2\/media?parent=125"}],"curies":[{"name":"wp","href":"https:\/\/api.w.org\/{rel}","templated":true}]}}